{"id":2657,"date":"2025-05-29T22:29:49","date_gmt":"2025-05-29T22:29:49","guid":{"rendered":"https:\/\/lasillawholesale.com\/?page_id=2657"},"modified":"2026-01-23T02:57:52","modified_gmt":"2026-01-23T02:57:52","slug":"carbon","status":"publish","type":"page","link":"https:\/\/lasillawholesale.com\/en\/carbon\/","title":{"rendered":"Charcoal and Firewood"},"content":{"rendered":"<div class=\"wpb-content-wrapper\"><div class=\"vc_row wpb_row vc_row-fluid z2 vc_custom_1683202601504 vc_row-has-fill\"><div class=\"wpb_column vc_column_container vc_col-sm-12 vc_col-md-6\"><div class=\"vc_column-inner\"><div class=\"wpb_wrapper\"><div id=\"cz_61771\" class=\"cz_61771 cz_image clr cz_image_no_fx center_on_mobile\"><div class=\"\" ><div class=\"cz_image_in\" data-tilt><div class=\"cz_main_image\"><img decoding=\"async\" class=\"\" src=\"data:image\/svg+xml,%3Csvg%20xmlns%3D&#39;http%3A%2F%2Fwww.w3.org%2F2000%2Fsvg&#39;%20width=&#39;500&#39;%20height=&#39;600&#39;%20viewBox%3D&#39;0%200%20500%20600&#39;%2F%3E\" data-czlz data-src=\"https:\/\/lasillawholesale.com\/wp-content\/uploads\/2025\/06\/asado-500x600.jpg\" width=\"500\" height=\"600\" alt=\"asado\" title=\"asado\" loading=\"lazy\" \/><\/div><\/div><div class=\"cz_image_caption mt10\"><em>\"God forgives... but meat without charcoal, never!\"<\/em><\/div><\/div><\/div><div class=\"cz_gap clr\" style=\"height: 80px\"><\/div><\/div><\/div><\/div><div class=\"wpb_column vc_column_container vc_col-sm-12 vc_col-md-6\"><div class=\"vc_column-inner\"><div class=\"wpb_wrapper\"><div class=\"cz_gap clr\" style=\"height: 25px\"><\/div><div id=\"cz_94489\" class=\"cz_94489 cz_title clr cz_mobile_text_center cz_title_pos_inline\"><div class=\"cz_title_content\"><div class=\"cz_wpe_content\"><h3><span style=\"font-size: 36px;\">Charcoal and <span class=\"cz_highlight_1\" style=\"color: #01e281;\">Firewood<\/span><\/span><\/h3>\n<\/div><\/div><\/div><div id=\"cz_57540\" class=\"cz_57540 cz_title clr cz_mobile_text_center cz_title_pos_inline\"><div class=\"cz_title_content\"><div class=\"cz_wpe_content\"><div id=\"gmail-cz_80521\" class=\"gmail-cz_80521 gmail-cz_title gmail-clr gmail-cz_mobile_text_center gmail-cz_title_pos_inline\">\n<div class=\"gmail-cz_title_content\">\n<div class=\"gmail-cz_wpe_content\">\n<p><strong>El Parrillero: Where charcoal never fails and firewood tastes like glory.<\/strong><\/p>\n<p>If it smells like mesquite... something good is coming!<br \/>\nAt\u00a0<strong>El Parrillero<\/strong>\u00a0we have\u00a0<strong>top-quality charcoal and firewood<\/strong>, ready to fire up your grill and your spirit.<\/p>\n<p>.<br \/>\n<strong>100% Natural Mesquite Firewood<\/strong><br \/>\n<strong>Bags of Charcoal 6 to 30 lbs<\/strong><br \/>\n<strong>Your brand or ours \u2014 we can create a custom label for your business!!<\/strong><\/p>\n<p>Need more? We\u2019ve got pallets available for your store or business too.\n<\/p><\/div>\n<\/div>\n<\/div>\n<div class=\"gmail-cz_gap gmail-clr\"><\/div>\n<div id=\"gmail-cz_19420\" class=\"gmail-cz_19420 gmail-cz_title gmail-clr gmail-cz_mobile_text_center gmail-cz_title_pos_inline\">\n<div class=\"gmail-cz_title_content\">\n<div class=\"gmail-cz_wpe_content\">\n<h4><strong>Place your order and let the grilling begin!<\/strong><\/h4>\n<\/div>\n<\/div>\n<\/div>\n<\/div><\/div><\/div><div class=\"cz_gap clr\" style=\"height: 25px\"><\/div><div class=\"cz_btn_left cz_mobile_btn_center\"><div class=\"cz_48471_p\"><a id=\"cz_48471\" class=\"cz_48471 cz_btn cz_btn_txt_move_up cz_btn_zoom_in\" href=\"https:\/\/www.canva.com\/design\/DAGo9O_0xj8\/MCEiE9pvtujfXWfvNsg2aA\/watch?utm_content=DAGo9O_0xj8&utm_campaign=designshare&utm_medium=link2&utm_source=uniquelinks&utlId=hc65e4b41f7\" target=\"_blank\" title=\"Charcoal and Firewood\" aria-label=\"Charcoal and Firewood\"><span><strong>VIEW CATALOG<\/strong><\/span><b class=\"cz_btn_onhover\"><strong>EXCELLENT OPTION<\/strong><\/b><\/a><\/div><\/div><div class=\"clr\"><\/div><div class=\"cz_gap clr\" style=\"height: 25px\"><\/div><\/div><\/div><\/div><\/div><div data-vc-full-width=\"true\" data-vc-full-width-temp=\"true\" data-vc-full-width-init=\"false\" class=\"vc_row wpb_row vc_row-fluid vc_custom_1683202535932 vc_row-has-fill\"><div class=\"wpb_column vc_column_container vc_col-sm-12\"><div class=\"vc_column-inner vc_custom_1545822745354\"><div class=\"wpb_wrapper\"><div class=\"cz_gap clr\" style=\"height: 150px\"><\/div><\/div><\/div><\/div><\/div><div class=\"vc_row-full-width vc_clearfix\"><\/div><div data-vc-full-width=\"true\" data-vc-full-width-temp=\"true\" data-vc-full-width-init=\"false\" class=\"vc_row wpb_row vc_row-fluid vc_custom_1748488432593 vc_row-has-fill\"><div class=\"wpb_column vc_column_container vc_col-sm-12\"><div class=\"vc_column-inner vc_custom_1545822745354\"><div class=\"wpb_wrapper\"><div class=\"cz_gap clr\" style=\"height: 122px\"><\/div><div id=\"cz_35217\" class=\"cz_35217 cz_title clr cz_mobile_text_center cz_title_pos_inline tac\"><div class=\"cz_title_content\"><div class=\"cz_wpe_content\"><h2 style=\"text-align: center;\" data-start=\"574\" data-end=\"710\">Do you have a business?<\/h2>\n<p style=\"text-align: center;\" data-start=\"574\" data-end=\"710\"><span style=\"font-size: 24px;\">We provide the fire, you provide the name!<\/span><br data-start=\"635\" data-end=\"638\" \/><span style=\"font-size: 24px;\">Personalized packaging, guaranteed quality and embers that won't let you down.<\/span><\/p>\n<\/div><\/div><\/div><div class=\"cz_gap clr\" style=\"height: 122px\"><\/div><div class=\"cz_gap clr\" style=\"height: 50px\"><\/div><\/div><\/div><\/div><\/div><div class=\"vc_row-full-width vc_clearfix\"><\/div><div data-vc-full-width=\"true\" data-vc-full-width-temp=\"true\" data-vc-full-width-init=\"false\" class=\"vc_row wpb_row vc_row-fluid vc_custom_1552206768572 vc_row-has-fill\"><div class=\"wpb_column vc_column_container vc_col-sm-12\"><div class=\"vc_column-inner\"><div class=\"wpb_wrapper\"><div class=\"cz_eqh cz_content_box_parent_fx\"><div id=\"cz_88021\" class=\"cz_88021 cz_content_box clr\"><div class=\"cz_box_front clr\"><div class=\"cz_box_front_inner clr\"><span><\/span><div><div class=\"vc_row wpb_row vc_inner vc_row-fluid\"><div class=\"wpb_column vc_column_container vc_col-sm-12 vc_col-md-8\"><div class=\"vc_column-inner\"><div class=\"wpb_wrapper\"><div id=\"cz_96863\" class=\"cz_96863 cz_title clr cz_title_pos_inline tac cz_invert\"><div class=\"cz_title_content\"><div class=\"cz_wpe_content\"><h3 style=\"text-align: center;\"><span style=\"font-size: 36px;\">The best of Mexico... at the best price per volume.<\/span><\/h3>\n<p style=\"text-align: center;\"><span style=\"color: #aaaaaa; font-size: 22px;\">Request a personalized quote<\/span><\/p>\n<\/div><\/div><\/div><\/div><\/div><\/div><div class=\"wpb_column vc_column_container vc_col-sm-12 vc_col-md-4\"><div class=\"vc_column-inner\"><div class=\"wpb_wrapper\"><div class=\"cz_btn_right cz_mobile_btn_center\"><div class=\"cz_45468_p\"><a id=\"cz_45468\" class=\"cz_45468 cz_btn cz_btn_txt_move_up cz_btn_zoom_in\" href=\"https:\/\/lasillawholesale.com\/en\/contacto\/\" title=\"Contact\" aria-label=\"Contact\"><span><strong>REQUEST A QUOTE<\/strong><\/span><b class=\"cz_btn_onhover\"><strong>EXCELLENT OPTION<\/strong><\/b><\/a><\/div><\/div><div class=\"clr\"><\/div><\/div><\/div><\/div><\/div><\/div><\/div><\/div><\/div><\/div><div class=\"cz_gap clr  hide_on_tablet hide_on_mobile\" style=\"height: 4px\"><\/div><div class=\"cz_gap show_on_tablet clr  show_only_tablet\" style=\"height: 112px\"><\/div><div class=\"cz_gap show_on_mobile clr\" style=\"height: 112px\"><\/div><\/div><\/div><\/div><\/div><div class=\"vc_row-full-width vc_clearfix\"><\/div><div data-vc-full-width=\"true\" data-vc-full-width-temp=\"true\" data-vc-full-width-init=\"false\" class=\"vc_row wpb_row vc_row-fluid vc_custom_1748531576774 vc_row-has-fill\"><div class=\"wpb_column vc_column_container vc_col-sm-12 vc_hidden-sm vc_hidden-xs\"><div class=\"vc_column-inner vc_custom_1748532144505\"><div class=\"wpb_wrapper\"><div class=\"cz_gap clr  hide_on_tablet hide_on_mobile\" style=\"height: 4px\"><\/div><div class=\"cz_gap show_on_tablet clr  show_only_tablet\" style=\"height: 112px\"><\/div><div class=\"cz_gap show_on_mobile clr\" style=\"height: 112px\"><\/div><\/div><\/div><\/div><\/div><div class=\"vc_row-full-width vc_clearfix\"><\/div><div data-vc-full-width=\"true\" data-vc-full-width-temp=\"true\" data-vc-full-width-init=\"false\" data-vc-stretch-content=\"true\" class=\"vc_row wpb_row vc_row-fluid cz_first_custom_row vc_custom_1748496663259\"><div class=\"wpb_column vc_column_container vc_col-sm-12 vc_col-md-4\"><div class=\"vc_column-inner vc_custom_1551614150463\"><div class=\"wpb_wrapper\"><div class=\"cz_eqh cz_content_box_parent_fx\"><div class=\"fx_inner_line_hover\"><div id=\"cz_48160\" class=\"cz_48160 cz_content_box clr\"><div class=\"cz_box_front clr\"><div class=\"cz_box_front_inner clr\"><span><\/span><div><div id=\"cz_89481\" class=\"cz_89481 cz_title clr cz_mobile_text_center cz_title_has_icon cz_title_pos_center\"><a href=\"https:\/\/lasillawholesale.com\/en\/bebidas\/\" title=\"Beverages\" aria-label=\"Beverages\"><div class=\"cz_title_content\"><span class=\"cz_title_icon_before cz_title_image\"><img decoding=\"async\" class=\"\" src=\"data:image\/svg+xml,%3Csvg%20xmlns%3D&#39;http%3A%2F%2Fwww.w3.org%2F2000%2Fsvg&#39;%20width=&#39;64&#39;%20height=&#39;64&#39;%20viewBox%3D&#39;0%200%2064%2064&#39;%2F%3E\" data-czlz data-src=\"https:\/\/lasillawholesale.com\/wp-content\/uploads\/2025\/05\/soft-drink.png\" width=\"64\" height=\"64\" alt=\"soft-drink\" title=\"soft-drink\" loading=\"lazy\" \/><\/span><div class=\"cz_wpe_content\"><h3><span style=\"font-size: 24px;\">Beverages<\/span><\/h3>\n<\/div><\/div><\/a><\/div><\/div><\/div><\/div><\/div><\/div><\/div><\/div><\/div><\/div><div class=\"wpb_column vc_column_container vc_col-sm-12 vc_col-md-4\"><div class=\"vc_column-inner vc_custom_1551614166274\"><div class=\"wpb_wrapper\"><div class=\"cz_eqh cz_content_box_parent_fx\"><div class=\"fx_inner_line_hover\"><div id=\"cz_34112\" class=\"cz_34112 cz_content_box clr\"><div class=\"cz_box_front clr\"><div class=\"cz_box_front_inner clr\"><span><\/span><div><div id=\"cz_27278\" class=\"cz_27278 cz_title clr cz_mobile_text_center cz_title_has_icon cz_title_pos_center\"><a href=\"https:\/\/lasillawholesale.com\/en\/artesanias-mexicanas\/\" title=\"Mexican Handicrafts\" aria-label=\"Mexican Handicrafts\"><div class=\"cz_title_content\"><span class=\"cz_title_icon_before cz_title_image\"><img decoding=\"async\" class=\"\" src=\"data:image\/svg+xml,%3Csvg%20xmlns%3D&#39;http%3A%2F%2Fwww.w3.org%2F2000%2Fsvg&#39;%20width=&#39;64&#39;%20height=&#39;64&#39;%20viewBox%3D&#39;0%200%2064%2064&#39;%2F%3E\" data-czlz data-src=\"https:\/\/lasillawholesale.com\/wp-content\/uploads\/2025\/05\/vase.png\" width=\"64\" height=\"64\" alt=\"vase\" title=\"vase\" loading=\"lazy\" \/><\/span><div class=\"cz_wpe_content\"><h3 class=\"translation-block\">Mexican Handicrafts<\/h3>\n<\/div><\/div><\/a><\/div><\/div><\/div><\/div><\/div><\/div><\/div><\/div><\/div><\/div><div class=\"wpb_column vc_column_container vc_col-sm-12 vc_col-md-4\"><div class=\"vc_column-inner vc_custom_1551614180902\"><div class=\"wpb_wrapper\"><div class=\"cz_eqh cz_content_box_parent_fx\"><div class=\"fx_inner_line_hover\"><div id=\"cz_97103\" class=\"cz_97103 cz_content_box clr\"><div class=\"cz_box_front clr\"><div class=\"cz_box_front_inner clr\"><span><\/span><div><div id=\"cz_72960\" class=\"cz_72960 cz_title clr cz_mobile_text_center cz_title_has_icon cz_title_pos_center\"><a href=\"https:\/\/lasillawholesale.com\/en\/grocery\/\" title=\"Grocery\" aria-label=\"Grocery\"><div class=\"cz_title_content\"><span class=\"cz_title_icon_before cz_title_image\"><img decoding=\"async\" class=\"\" src=\"data:image\/svg+xml,%3Csvg%20xmlns%3D&#39;http%3A%2F%2Fwww.w3.org%2F2000%2Fsvg&#39;%20width=&#39;64&#39;%20height=&#39;64&#39;%20viewBox%3D&#39;0%200%2064%2064&#39;%2F%3E\" data-czlz data-src=\"https:\/\/lasillawholesale.com\/wp-content\/uploads\/2025\/05\/grocery.png\" width=\"64\" height=\"64\" alt=\"grocery\" title=\"grocery\" loading=\"lazy\" \/><\/span><div class=\"cz_wpe_content\"><h3><span style=\"font-size: 24px;\">Grocery<\/span><\/h3>\n<\/div><\/div><\/a><\/div><\/div><\/div><\/div><\/div><\/div><\/div><\/div><\/div><\/div><\/div><div class=\"vc_row-full-width vc_clearfix\"><\/div><div class=\"vc_row wpb_row vc_row-fluid\"><div class=\"wpb_column vc_column_container vc_col-sm-12\"><div class=\"vc_column-inner\"><div class=\"wpb_wrapper\"><\/div><\/div><\/div><\/div>\n<\/div>","protected":false},"excerpt":{"rendered":"\"Dios perdona... pero la carne sin carb\u00f3n, \u00a1jam\u00e1s!\"Carb\u00f3n y Le\u00f1a El Parrillero: Donde el carb\u00f3n no falla y la le\u00f1a","protected":false},"author":1,"featured_media":0,"parent":0,"menu_order":0,"comment_status":"closed","ping_status":"closed","template":"","meta":{"footnotes":""},"class_list":["post-2657","page","type-page","status-publish","hentry"],"_links":{"self":[{"href":"https:\/\/lasillawholesale.com\/en\/wp-json\/wp\/v2\/pages\/2657","targetHints":{"allow":["GET"]}}],"collection":[{"href":"https:\/\/lasillawholesale.com\/en\/wp-json\/wp\/v2\/pages"}],"about":[{"href":"https:\/\/lasillawholesale.com\/en\/wp-json\/wp\/v2\/types\/page"}],"author":[{"embeddable":true,"href":"https:\/\/lasillawholesale.com\/en\/wp-json\/wp\/v2\/users\/1"}],"replies":[{"embeddable":true,"href":"https:\/\/lasillawholesale.com\/en\/wp-json\/wp\/v2\/comments?post=2657"}],"version-history":[{"count":28,"href":"https:\/\/lasillawholesale.com\/en\/wp-json\/wp\/v2\/pages\/2657\/revisions"}],"predecessor-version":[{"id":4370,"href":"https:\/\/lasillawholesale.com\/en\/wp-json\/wp\/v2\/pages\/2657\/revisions\/4370"}],"wp:attachment":[{"href":"https:\/\/lasillawholesale.com\/en\/wp-json\/wp\/v2\/media?parent=2657"}],"curies":[{"name":"wp","href":"https:\/\/api.w.org\/{rel}","templated":true}]}}