{"id":2496,"date":"2024-06-10T08:25:36","date_gmt":"2024-06-10T08:25:36","guid":{"rendered":"http:\/\/xtratheme.combuilding\/?page_id=8"},"modified":"2025-07-12T04:26:55","modified_gmt":"2025-07-12T04:26:55","slug":"categorias","status":"publish","type":"page","link":"https:\/\/lasillawholesale.com\/en\/categorias\/","title":{"rendered":"Categories"},"content":{"rendered":"<div class=\"wpb-content-wrapper\"><div class=\"vc_row wpb_row vc_row-fluid\"><div class=\"wpb_column vc_column_container vc_col-sm-12\"><div class=\"vc_column-inner\"><div class=\"wpb_wrapper\"><div class=\"cz_gap clr\" style=\"height: 120px\"><\/div><\/div><\/div><\/div><\/div><div class=\"vc_row wpb_row vc_row-fluid\"><div class=\"wpb_column vc_column_container vc_col-sm-12\"><div class=\"vc_column-inner\"><div class=\"wpb_wrapper\"><div id=\"cz_48441\" class=\"cz_48441 cz_title clr cz_title_pos_inline tac cz_invert\"><div class=\"cz_title_shape shape_image cz_shape_1\"><img decoding=\"async\" width=\"64\" height=\"64\" src=\"data:image\/svg+xml,%3Csvg%20xmlns%3D&#39;http%3A%2F%2Fwww.w3.org%2F2000%2Fsvg&#39;%20width=&#39;64&#39;%20height=&#39;64&#39;%20viewBox%3D&#39;0%200%2064%2064&#39;%2F%3E\" data-czlz data-src=\"https:\/\/lasillawholesale.com\/wp-content\/uploads\/2025\/05\/donation.png\" class=\"attachment-full\" alt=\"\" title=\"donation\" \/><\/div><div class=\"cz_title_content\"><div class=\"cz_wpe_content\"><h3 style=\"text-align: center;\"><span style=\"font-size: 36px;\"><strong data-start=\"185\" data-end=\"205\">Step right up!<\/strong><br data-start=\"205\" data-end=\"208\" \/>Pi\u00f1atas, molcajetes <b>and pure Mexican tradition.<\/b><\/span><\/h3>\n<h3 style=\"text-align: center;\"><span style=\"font-size: 36px;\">\u00a0Wholesale!<\/span><\/h3>\n<h5><\/h5>\n<p>&nbsp;<\/p>\n<h3 style=\"text-align: center;\"><span style=\"color: #122d40; font-size: 22px;\">We import the best of Mexico for your business.<\/span><\/h3>\n<\/div><\/div><\/div><div class=\"cz_gap clr  hide_on_mobile\" style=\"height: 90px\"><\/div><div class=\"cz_gap show_on_mobile clr\" style=\"height: 80px\"><\/div><\/div><\/div><\/div><\/div><div class=\"vc_row wpb_row vc_row-fluid\"><div class=\"wpb_column vc_column_container vc_col-sm-12\"><div class=\"vc_column-inner\"><div class=\"wpb_wrapper\"><div class=\"cz_gap clr  hide_on_mobile\" style=\"height: 30px\"><\/div><div class=\"cz_gap show_on_mobile clr\" style=\"height: 70px\"><\/div><\/div><\/div><\/div><\/div><div class=\"vc_row wpb_row vc_row-fluid vc_custom_1749224237131 vc_row-has-fill\"><div class=\"wpb_column vc_column_container vc_col-sm-1\/5\"><div class=\"vc_column-inner\"><div class=\"wpb_wrapper\"><a href=\"https:\/\/lasillawholesale.com\/en\/ataud\/\" title=\"Grill\" aria-label=\"Grill\"><div id=\"cz_106119\" class=\"cz_106119 services clr style11 cz_sbi_fx_10 services_b\"><div class=\"service_img\"><img decoding=\"async\" width=\"128\" height=\"128\" src=\"data:image\/svg+xml,%3Csvg%20xmlns%3D&#39;http%3A%2F%2Fwww.w3.org%2F2000%2Fsvg&#39;%20width=&#39;128&#39;%20height=&#39;128&#39;%20viewBox%3D&#39;0%200%20128%20128&#39;%2F%3E\" data-czlz data-src=\"https:\/\/lasillawholesale.com\/wp-content\/uploads\/2025\/06\/sausage-1.png\" class=\"service-icon attachment-full\" alt=\"\" title=\"sausage (1)\" \/><\/div><div class=\"service_text\"><h3>Grill<\/h3><div class=\"cz_wpe_content\"><\/div><\/div><\/div><\/a><\/div><\/div><\/div><div class=\"wpb_column vc_column_container vc_col-sm-1\/5\"><div class=\"vc_column-inner\"><div class=\"wpb_wrapper\"><a href=\"https:\/\/lasillawholesale.com\/en\/articulos-de-limpieza\/\" title=\"Cleaning Supplies\" aria-label=\"Cleaning Supplies\"><div id=\"cz_86291\" class=\"cz_86291 services clr style11 cz_sbi_fx_10 services_b\"><div class=\"service_img\"><img decoding=\"async\" width=\"97\" height=\"88\" src=\"data:image\/svg+xml,%3Csvg%20xmlns%3D&#39;http%3A%2F%2Fwww.w3.org%2F2000%2Fsvg&#39;%20width=&#39;97&#39;%20height=&#39;88&#39;%20viewBox%3D&#39;0%200%2097%2088&#39;%2F%3E\" data-czlz data-src=\"https:\/\/lasillawholesale.com\/wp-content\/uploads\/2023\/05\/s5.png\" class=\"service-icon attachment-thumbnail\" alt=\"\" title=\"s5\" \/><\/div><div class=\"service_text\"><h3>Cleaning Supplies<\/h3><div class=\"cz_wpe_content\"><\/div><\/div><\/div><\/a><\/div><\/div><\/div><div class=\"wpb_column vc_column_container vc_col-sm-1\/5\"><div class=\"vc_column-inner\"><div class=\"wpb_wrapper\"><a href=\"https:\/\/lasillawholesale.com\/en\/artesanias-mexicanas\/\" title=\"Mexican Handicrafts\" aria-label=\"Mexican Handicrafts\"><div id=\"cz_81169\" class=\"cz_81169 services clr style11 cz_sbi_fx_10 services_b\"><div class=\"service_img\"><img decoding=\"async\" width=\"64\" height=\"64\" src=\"data:image\/svg+xml,%3Csvg%20xmlns%3D&#39;http%3A%2F%2Fwww.w3.org%2F2000%2Fsvg&#39;%20width=&#39;64&#39;%20height=&#39;64&#39;%20viewBox%3D&#39;0%200%2064%2064&#39;%2F%3E\" data-czlz data-src=\"https:\/\/lasillawholesale.com\/wp-content\/uploads\/2025\/05\/vase.png\" class=\"service-icon attachment-thumbnail\" alt=\"\" title=\"vase\" \/><\/div><div class=\"service_text\"><h3>Mexican Handicrafts<\/h3><div class=\"cz_wpe_content\"><\/div><\/div><\/div><\/a><\/div><\/div><\/div><div class=\"wpb_column vc_column_container vc_col-sm-1\/5\"><div class=\"vc_column-inner\"><div class=\"wpb_wrapper\"><a href=\"https:\/\/lasillawholesale.com\/en\/bebidas\/\" title=\"Beverages\" aria-label=\"Beverages\"><div id=\"cz_77215\" class=\"cz_77215 services clr style11 cz_sbi_fx_10 services_b\"><div class=\"service_img\"><img decoding=\"async\" width=\"64\" height=\"64\" src=\"data:image\/svg+xml,%3Csvg%20xmlns%3D&#39;http%3A%2F%2Fwww.w3.org%2F2000%2Fsvg&#39;%20width=&#39;64&#39;%20height=&#39;64&#39;%20viewBox%3D&#39;0%200%2064%2064&#39;%2F%3E\" data-czlz data-src=\"https:\/\/lasillawholesale.com\/wp-content\/uploads\/2025\/05\/soft-drink.png\" class=\"service-icon attachment-thumbnail\" alt=\"\" title=\"soft-drink\" \/><\/div><div class=\"service_text\"><h3>Beverages<\/h3><div class=\"cz_wpe_content\"><\/div><\/div><\/div><\/a><\/div><\/div><\/div><div class=\"wpb_column vc_column_container vc_col-sm-1\/5\"><div class=\"vc_column-inner\"><div class=\"wpb_wrapper\"><a href=\"https:\/\/lasillawholesale.com\/en\/carbon\/\" title=\"Charcoal and Firewood\" aria-label=\"Charcoal and Firewood\"><div id=\"cz_86292\" class=\"cz_86292 services clr style11 cz_sbi_fx_10 services_b\"><div class=\"service_img\"><img decoding=\"async\" width=\"64\" height=\"64\" src=\"data:image\/svg+xml,%3Csvg%20xmlns%3D&#39;http%3A%2F%2Fwww.w3.org%2F2000%2Fsvg&#39;%20width=&#39;64&#39;%20height=&#39;64&#39;%20viewBox%3D&#39;0%200%2064%2064&#39;%2F%3E\" data-czlz data-src=\"https:\/\/lasillawholesale.com\/wp-content\/uploads\/2025\/05\/charcoal.png\" class=\"service-icon attachment-thumbnail\" alt=\"\" title=\"charcoal\" \/><\/div><div class=\"service_text\"><h3>Charcoal and Firewood<\/h3><div class=\"cz_wpe_content\"><\/div><\/div><\/div><\/a><\/div><\/div><\/div><\/div><div class=\"vc_row wpb_row vc_row-fluid\"><div class=\"wpb_column vc_column_container vc_col-sm-12\"><div class=\"vc_column-inner\"><div class=\"wpb_wrapper\"><div class=\"cz_gap clr  hide_on_mobile\" style=\"height: 40x\"><\/div><div class=\"cz_gap show_on_mobile clr\" style=\"height: 40px\"><\/div><\/div><\/div><\/div><\/div><div class=\"vc_row wpb_row vc_row-fluid vc_custom_1749224616903 vc_row-has-fill\"><div class=\"wpb_column vc_column_container vc_col-sm-1\/5\"><div class=\"vc_column-inner\"><div class=\"wpb_wrapper\"><a href=\"https:\/\/lasillawholesale.com\/en\/grocery\/\" title=\"Grocery\" aria-label=\"Grocery\"><div id=\"cz_25534\" class=\"cz_25534 services clr style11 cz_sbi_fx_10 services_b\"><div class=\"service_img\"><img decoding=\"async\" width=\"64\" height=\"64\" src=\"data:image\/svg+xml,%3Csvg%20xmlns%3D&#39;http%3A%2F%2Fwww.w3.org%2F2000%2Fsvg&#39;%20width=&#39;64&#39;%20height=&#39;64&#39;%20viewBox%3D&#39;0%200%2064%2064&#39;%2F%3E\" data-czlz data-src=\"https:\/\/lasillawholesale.com\/wp-content\/uploads\/2025\/05\/grocery.png\" class=\"service-icon attachment-thumbnail\" alt=\"\" title=\"grocery\" \/><\/div><div class=\"service_text\"><h3>Grocery<\/h3><div class=\"cz_wpe_content\"><\/div><\/div><\/div><\/a><\/div><\/div><\/div><div class=\"wpb_column vc_column_container vc_col-sm-1\/5\"><div class=\"vc_column-inner\"><div class=\"wpb_wrapper\"><a href=\"https:\/\/lasillawholesale.com\/en\/papel-higienico\/\" title=\"Toilet Papper\" aria-label=\"Toilet Papper\"><div id=\"cz_25688\" class=\"cz_25688 services clr style11 cz_sbi_fx_10 services_b\"><div class=\"service_img\"><img decoding=\"async\" width=\"64\" height=\"64\" src=\"data:image\/svg+xml,%3Csvg%20xmlns%3D&#39;http%3A%2F%2Fwww.w3.org%2F2000%2Fsvg&#39;%20width=&#39;64&#39;%20height=&#39;64&#39;%20viewBox%3D&#39;0%200%2064%2064&#39;%2F%3E\" data-czlz data-src=\"https:\/\/lasillawholesale.com\/wp-content\/uploads\/2025\/05\/toilet-roll.png\" class=\"service-icon attachment-thumbnail\" alt=\"\" title=\"toilet-roll\" \/><\/div><div class=\"service_text\"><h3>Toilet Paper<\/h3><div class=\"cz_wpe_content\"><\/div><\/div><\/div><\/a><\/div><\/div><\/div><div class=\"wpb_column vc_column_container vc_col-sm-1\/5\"><div class=\"vc_column-inner\"><div class=\"wpb_wrapper\"><a href=\"https:\/\/lasillawholesale.com\/en\/pinatas\/\" title=\"Pi\u00f1atas and Toys\" aria-label=\"Pi\u00f1atas and Toys\"><div id=\"cz_62235\" class=\"cz_62235 services clr style11 cz_sbi_fx_10 services_b\"><div class=\"service_img\"><img decoding=\"async\" width=\"64\" height=\"64\" src=\"data:image\/svg+xml,%3Csvg%20xmlns%3D&#39;http%3A%2F%2Fwww.w3.org%2F2000%2Fsvg&#39;%20width=&#39;64&#39;%20height=&#39;64&#39;%20viewBox%3D&#39;0%200%2064%2064&#39;%2F%3E\" data-czlz data-src=\"https:\/\/lasillawholesale.com\/wp-content\/uploads\/2025\/05\/pinata-1.png\" class=\"service-icon attachment-thumbnail\" alt=\"\" title=\"pinata (1)\" \/><\/div><div class=\"service_text\"><h3>Pi\u00f1atas and Toys<\/h3><div class=\"cz_wpe_content\"><\/div><\/div><\/div><\/a><\/div><\/div><\/div><div class=\"wpb_column vc_column_container vc_col-sm-1\/5\"><div class=\"vc_column-inner\"><div class=\"wpb_wrapper\"><a href=\"https:\/\/lasillawholesale.com\/en\/utensilios-de-cocina\/\" title=\"Kitchen Utensils\" aria-label=\"Kitchen Utensils\"><div id=\"cz_73026\" class=\"cz_73026 services clr style11 cz_sbi_fx_10 services_b\"><div class=\"service_img\"><img decoding=\"async\" width=\"64\" height=\"64\" src=\"data:image\/svg+xml,%3Csvg%20xmlns%3D&#39;http%3A%2F%2Fwww.w3.org%2F2000%2Fsvg&#39;%20width=&#39;64&#39;%20height=&#39;64&#39;%20viewBox%3D&#39;0%200%2064%2064&#39;%2F%3E\" data-czlz data-src=\"https:\/\/lasillawholesale.com\/wp-content\/uploads\/2025\/05\/molcajete.png\" class=\"service-icon attachment-thumbnail\" alt=\"\" title=\"molcajete\" \/><\/div><div class=\"service_text\"><h3>Kitchen Utensils<\/h3><div class=\"cz_wpe_content\"><\/div><\/div><\/div><\/a><\/div><\/div><\/div><div class=\"wpb_column vc_column_container vc_col-sm-1\/5\"><div class=\"vc_column-inner\"><div class=\"wpb_wrapper\"><a href=\"https:\/\/lasillawholesale.com\/en\/veladoras\/\" title=\"Candles\" aria-label=\"Candles\"><div id=\"cz_82219\" class=\"cz_82219 services clr style11 cz_sbi_fx_10 services_b\"><div class=\"service_img\"><img decoding=\"async\" width=\"64\" height=\"64\" src=\"data:image\/svg+xml,%3Csvg%20xmlns%3D&#39;http%3A%2F%2Fwww.w3.org%2F2000%2Fsvg&#39;%20width=&#39;64&#39;%20height=&#39;64&#39;%20viewBox%3D&#39;0%200%2064%2064&#39;%2F%3E\" data-czlz data-src=\"https:\/\/lasillawholesale.com\/wp-content\/uploads\/2025\/05\/candel.png\" class=\"service-icon attachment-thumbnail\" alt=\"\" title=\"candel\" \/><\/div><div class=\"service_text\"><h3>Candles<\/h3><div class=\"cz_wpe_content\"><\/div><\/div><\/div><\/a><\/div><\/div><\/div><\/div><div class=\"vc_row wpb_row vc_row-fluid\"><div class=\"wpb_column vc_column_container vc_col-sm-12\"><div class=\"vc_column-inner\"><div class=\"wpb_wrapper\"><div class=\"cz_gap clr  hide_on_mobile\" style=\"height: 108px\"><\/div><div class=\"cz_gap show_on_mobile clr\" style=\"height: 76px\"><\/div><\/div><\/div><\/div><\/div><div data-vc-full-width=\"true\" data-vc-full-width-temp=\"true\" data-vc-full-width-init=\"false\" class=\"vc_row wpb_row vc_row-fluid vc_custom_1748459510893 vc_row-has-fill\"><div class=\"wpb_column vc_column_container vc_col-sm-12\"><div class=\"vc_column-inner\"><div class=\"wpb_wrapper\"><div class=\"cz_eqh cz_content_box_parent_fx\"><div id=\"cz_88021\" class=\"cz_88021 cz_content_box clr\"><div class=\"cz_box_front clr\"><div class=\"cz_box_front_inner clr\"><span><\/span><div><div class=\"vc_row wpb_row vc_inner vc_row-fluid\"><div class=\"wpb_column vc_column_container vc_col-sm-12 vc_col-md-8\"><div class=\"vc_column-inner\"><div class=\"wpb_wrapper\"><div id=\"cz_96863\" class=\"cz_96863 cz_title clr cz_title_pos_inline tac cz_invert\"><div class=\"cz_title_content\"><div class=\"cz_wpe_content\"><h3 style=\"text-align: center;\"><span style=\"font-size: 36px;\">The best of Mexico... at the best price per volume.<\/span><\/h3>\n<p style=\"text-align: center;\"><span style=\"color: #aaaaaa; font-size: 22px;\">Request a personalized quote<\/span><\/p>\n<\/div><\/div><\/div><\/div><\/div><\/div><div class=\"wpb_column vc_column_container vc_col-sm-12 vc_col-md-4\"><div class=\"vc_column-inner\"><div class=\"wpb_wrapper\"><div class=\"cz_btn_right\"><div class=\"cz_104665_p\"><a id=\"cz_104665\" class=\"cz_104665 cz_btn cz_btn_txt_move_up cz_btn_zoom_in\" href=\"https:\/\/xtratheme.com\/mechanic\/contact\/\" title=\"Contact\" aria-label=\"Contact\"><span><strong>REQUEST A QUOTE<\/strong><\/span><b class=\"cz_btn_onhover\"><strong>EXCELLENT OPTION<\/strong><\/b><\/a><\/div><\/div><div class=\"clr\"><\/div><\/div><\/div><\/div><\/div><\/div><\/div><\/div><\/div><\/div><\/div><\/div><\/div><\/div><div class=\"vc_row-full-width vc_clearfix\"><\/div>\n<\/div>","protected":false},"excerpt":{"rendered":"\u00a1P\u00e1sele, p\u00e1sele!Aqu\u00ed hay pi\u00f1atas, molcajetes y pura tradici\u00f3n mexicana. \u00a0\u00a1Al mayoreo! &nbsp; Importamos lo mejor de M\u00e9xico para tu negocio.","protected":false},"author":1,"featured_media":0,"parent":0,"menu_order":0,"comment_status":"closed","ping_status":"closed","template":"","meta":{"footnotes":""},"class_list":["post-2496","page","type-page","status-publish","hentry"],"_links":{"self":[{"href":"https:\/\/lasillawholesale.com\/en\/wp-json\/wp\/v2\/pages\/2496","targetHints":{"allow":["GET"]}}],"collection":[{"href":"https:\/\/lasillawholesale.com\/en\/wp-json\/wp\/v2\/pages"}],"about":[{"href":"https:\/\/lasillawholesale.com\/en\/wp-json\/wp\/v2\/types\/page"}],"author":[{"embeddable":true,"href":"https:\/\/lasillawholesale.com\/en\/wp-json\/wp\/v2\/users\/1"}],"replies":[{"embeddable":true,"href":"https:\/\/lasillawholesale.com\/en\/wp-json\/wp\/v2\/comments?post=2496"}],"version-history":[{"count":44,"href":"https:\/\/lasillawholesale.com\/en\/wp-json\/wp\/v2\/pages\/2496\/revisions"}],"predecessor-version":[{"id":4326,"href":"https:\/\/lasillawholesale.com\/en\/wp-json\/wp\/v2\/pages\/2496\/revisions\/4326"}],"wp:attachment":[{"href":"https:\/\/lasillawholesale.com\/en\/wp-json\/wp\/v2\/media?parent=2496"}],"curies":[{"name":"wp","href":"https:\/\/api.w.org\/{rel}","templated":true}]}}